{"id":557,"date":"2023-03-01T10:20:18","date_gmt":"2023-03-01T09:20:18","guid":{"rendered":"http:\/\/gcshandicapsensoriel.fr\/?page_id=557"},"modified":"2023-03-01T10:20:18","modified_gmt":"2023-03-01T09:20:18","slug":"troubles-visuels","status":"publish","type":"page","link":"https:\/\/gcshandicapsensoriel.fr\/?page_id=557","title":{"rendered":"Troubles visuels"},"content":{"rendered":"\n<h2 class=\"wp-block-heading\"><strong>Les crit\u00e8res d\u2019admission :<\/strong><\/h2>\n\n\n\n<p><strong> Avoir une acuit\u00e9 visuelle inf\u00e9rieure \u00e0 3\/10\u00e8me et\/ou un champ\u00a0 de vision inf\u00e9rieur \u00e0 10 degr\u00e9s autour du point de fixation.<\/strong><\/p>\n\n\n<div class=\"wp-block-image\">\n<figure class=\"alignright\"><img decoding=\"async\" src=\"http:\/\/crbvta.fr\/wp-content\/uploads\/2018\/08\/1855-199x300.jpg\" alt=\"\" class=\"wp-image-388\"\/><\/figure><\/div>\n\n\n<p>Pour \u00eatre accueilli(e)\u00a0 au sein de l\u2019\u00e9tablissement, vous devez <strong>contacter l\u2019accueil du Centre<\/strong> qui vous adressera un dossier d\u2019admission comprenant :<\/p>\n\n\n\n<ul>\n<li><strong>une fiche administrative <\/strong>concernant votre situation personnelle et vos attentes (\u00e0 remplir par vous et\/ou votre entourage).<\/li>\n\n\n\n<li><strong>une fiche m\u00e9dicale <\/strong>\u00e0 compl\u00e9ter par votre m\u00e9decin g\u00e9n\u00e9raliste,<\/li>\n\n\n\n<li><strong>une fiche ophtalmologiste\u00a0<\/strong> \u00e0 compl\u00e9ter par votre m\u00e9decin ophtalmologiste.<\/li>\n<\/ul>\n\n\n\n<p>Si votre demande d\u2019admission est accept\u00e9e par le m\u00e9decin du Centre, des dates pour le<strong> parcours d\u2019\u00e9valuation<\/strong> vous seront communiqu\u00e9es.<\/p>\n\n\n\n<h2 class=\"wp-block-heading\"><strong>Le parcours d&rsquo;\u00e9valuation :<\/strong><\/h2>\n\n\n\n<p>Au cours de cette premi\u00e8re \u00e9tape, vous rencontrez\u00a0<a href=\"http:\/\/alternetis.zd.fr\/lequipe-pluridisciplinaire\/\">l\u2019\u00e9quipe pluridisciplinaire<\/a>\u00a0qui effectuera un bilan personnalis\u00e9 de vos capacit\u00e9s visuelles. Sous la coordination du m\u00e9decin, un projet de r\u00e9adaptation est construit par l\u2019\u00e9quipe pluridisciplinaire et vous sera pr\u00e9sent\u00e9 pour consentement.<\/p>\n\n\n\n<h2 class=\"wp-block-heading\"><strong>La r\u00e9\u00e9ducation \/ r\u00e9adaptation : <\/strong><\/h2>\n\n\n\n<p>La r\u00e9\u00e9ducation\/r\u00e9adaptation a pour objectif de vous permettre de retrouver une meilleure qualit\u00e9 de vie. Pour cela, vous rencontrez plusieurs professionnels qui vous proposeront des s\u00e9ances de r\u00e9\u00e9ducation\/r\u00e9adaptation en h\u00f4pital de jour. Ces s\u00e9ances, \u00e0 raison de 2 \u00e0 3 par demi-journ\u00e9es, sont \u00e9chelonn\u00e9es sur plusieurs semaines. La dur\u00e9e de votre parcours d\u00e9pend du projet d\u00e9fini lors de l\u2019\u00e9valuation.<\/p>\n\n\n\n<div class=\"wp-block-columns is-layout-flex wp-container-core-columns-layout-1 wp-block-columns-is-layout-flex\">\n<div class=\"wp-block-column is-layout-flow wp-block-column-is-layout-flow\">\n<figure class=\"wp-block-image size-full\"><img loading=\"lazy\" decoding=\"async\" width=\"300\" height=\"225\" src=\"http:\/\/gcshandicapsensoriel.fr\/wp-content\/uploads\/2023\/03\/reeduc-visuelle.jpg\" alt=\"\" class=\"wp-image-558\"\/><\/figure>\n<\/div>\n\n\n\n<div class=\"wp-block-column is-layout-flow wp-block-column-is-layout-flow\">\n<figure class=\"wp-block-image size-full\"><img loading=\"lazy\" decoding=\"async\" width=\"300\" height=\"225\" src=\"http:\/\/gcshandicapsensoriel.fr\/wp-content\/uploads\/2023\/03\/reeduc-visuelle2.jpg\" alt=\"\" class=\"wp-image-559\"\/><\/figure>\n<\/div>\n<\/div>\n\n\n\n<h2 class=\"wp-block-heading\"><strong>La fin de parcours : <\/strong><\/h2>\n\n\n\n<p>A la fin du parcours, l\u2019\u00e9quipe pluridisciplinaire r\u00e9dige un bilan de fin de r\u00e9\u00e9ducation\/r\u00e9adaptation qui vous sera adress\u00e9 ainsi qu\u2019aux professionnels de sant\u00e9 que vous aurez d\u00e9sign\u00e9s au pr\u00e9alable. Ce bilan reprend les objectifs de d\u00e9but et les progr\u00e8s r\u00e9alis\u00e9s lors du parcours au Centre. Tout au long du parcours, les psychologues et l\u2019assistante sociale ont pour mission de pr\u00e9venir la maltraitance et de promouvoir la bientraitance.<\/p>\n","protected":false},"excerpt":{"rendered":"<p>Les crit\u00e8res d\u2019admission : Avoir une acuit\u00e9 visuelle inf\u00e9rieure \u00e0 3\/10\u00e8me et\/ou un champ\u00a0 de vision inf\u00e9rieur \u00e0 10 degr\u00e9s autour du point de fixation. Pour \u00eatre accueilli(e)\u00a0 au sein de l\u2019\u00e9tablissement, vous devez contacter l\u2019accueil du Centre qui vous adressera un dossier d\u2019admission comprenant : Si votre demande d\u2019admission est accept\u00e9e par le m\u00e9decin &hellip; <\/p>\n<p class=\"link-more\"><a href=\"https:\/\/gcshandicapsensoriel.fr\/?page_id=557\" class=\"more-link\">Continuer la lecture<span class=\"screen-reader-text\"> de &laquo;&nbsp;Troubles visuels&nbsp;&raquo;<\/span><\/a><\/p>\n","protected":false},"author":2,"featured_media":0,"parent":0,"menu_order":0,"comment_status":"closed","ping_status":"closed","template":"","meta":{"footnotes":""},"_links":{"self":[{"href":"https:\/\/gcshandicapsensoriel.fr\/index.php?rest_route=\/wp\/v2\/pages\/557"}],"collection":[{"href":"https:\/\/gcshandicapsensoriel.fr\/index.php?rest_route=\/wp\/v2\/pages"}],"about":[{"href":"https:\/\/gcshandicapsensoriel.fr\/index.php?rest_route=\/wp\/v2\/types\/page"}],"author":[{"embeddable":true,"href":"https:\/\/gcshandicapsensoriel.fr\/index.php?rest_route=\/wp\/v2\/users\/2"}],"replies":[{"embeddable":true,"href":"https:\/\/gcshandicapsensoriel.fr\/index.php?rest_route=%2Fwp%2Fv2%2Fcomments&post=557"}],"version-history":[{"count":1,"href":"https:\/\/gcshandicapsensoriel.fr\/index.php?rest_route=\/wp\/v2\/pages\/557\/revisions"}],"predecessor-version":[{"id":561,"href":"https:\/\/gcshandicapsensoriel.fr\/index.php?rest_route=\/wp\/v2\/pages\/557\/revisions\/561"}],"wp:attachment":[{"href":"https:\/\/gcshandicapsensoriel.fr\/index.php?rest_route=%2Fwp%2Fv2%2Fmedia&parent=557"}],"curies":[{"name":"wp","href":"https:\/\/api.w.org\/{rel}","templated":true}]}}