{"id":548,"date":"2023-03-01T10:02:00","date_gmt":"2023-03-01T09:02:00","guid":{"rendered":"http:\/\/gcshandicapsensoriel.fr\/?page_id=548"},"modified":"2023-08-22T15:37:13","modified_gmt":"2023-08-22T13:37:13","slug":"le-livret-daccueil-du-crbvta","status":"publish","type":"page","link":"https:\/\/gcshandicapsensoriel.fr\/?page_id=548","title":{"rendered":"Le livret d&rsquo;accueil du CRBVTA"},"content":{"rendered":"\n<div class=\"wp-block-columns is-layout-flex wp-container-core-columns-layout-1 wp-block-columns-is-layout-flex\">\n<div class=\"wp-block-column is-layout-flow wp-block-column-is-layout-flow\">\n<p><strong>Version PDF \u00e0 t\u00e9l\u00e9charger<\/strong> : <\/p>\n<\/div>\n\n\n\n<div class=\"wp-block-column is-layout-flow wp-block-column-is-layout-flow\">\n<p><strong>Version Audio \u00e0 t\u00e9l\u00e9charger en MP4 :<\/strong><\/p>\n<\/div>\n<\/div>\n\n\n\n<div class=\"wp-block-columns are-vertically-aligned-center is-layout-flex wp-container-core-columns-layout-2 wp-block-columns-is-layout-flex\">\n<div class=\"wp-block-column is-vertically-aligned-center is-layout-flow wp-block-column-is-layout-flow\"><div class=\"wp-block-image\">\n<figure class=\"aligncenter size-full\"><a href=\"http:\/\/gcshandicapsensoriel.fr\/wp-content\/uploads\/2023\/08\/Livret-dAccueil-mars-2022-v14-CRBVTA-FORM-75.docx.pdf\" target=\"_blank\" rel=\"noreferrer noopener\"><img loading=\"lazy\" decoding=\"async\" width=\"212\" height=\"300\" src=\"http:\/\/gcshandicapsensoriel.fr\/wp-content\/uploads\/2023\/03\/image-livret-accueil-crbvta.jpg\" alt=\"\" class=\"wp-image-549\"\/><\/a><\/figure><\/div><\/div>\n\n\n\n<div class=\"wp-block-column is-vertically-aligned-center is-layout-flow wp-block-column-is-layout-flow\">\n<div class=\"wp-block-buttons is-content-justification-space-between is-layout-flex wp-container-core-buttons-layout-1 wp-block-buttons-is-layout-flex\">\n<div class=\"wp-block-button\"><a class=\"wp-block-button__link wp-element-button\" href=\"http:\/\/gcshandicapsensoriel.fr\/wp-content\/uploads\/2023\/03\/Livret-Accueil-audio-CRBVTA-V12-fevrier-2020.m4a\">Version audio du livret d&rsquo;accueil du CRBVTA<\/a><\/div>\n<\/div>\n<\/div>\n<\/div>\n","protected":false},"excerpt":{"rendered":"<p>Version PDF \u00e0 t\u00e9l\u00e9charger : Version Audio \u00e0 t\u00e9l\u00e9charger en MP4 :<\/p>\n","protected":false},"author":2,"featured_media":0,"parent":0,"menu_order":0,"comment_status":"closed","ping_status":"closed","template":"","meta":{"footnotes":""},"_links":{"self":[{"href":"https:\/\/gcshandicapsensoriel.fr\/index.php?rest_route=\/wp\/v2\/pages\/548"}],"collection":[{"href":"https:\/\/gcshandicapsensoriel.fr\/index.php?rest_route=\/wp\/v2\/pages"}],"about":[{"href":"https:\/\/gcshandicapsensoriel.fr\/index.php?rest_route=\/wp\/v2\/types\/page"}],"author":[{"embeddable":true,"href":"https:\/\/gcshandicapsensoriel.fr\/index.php?rest_route=\/wp\/v2\/users\/2"}],"replies":[{"embeddable":true,"href":"https:\/\/gcshandicapsensoriel.fr\/index.php?rest_route=%2Fwp%2Fv2%2Fcomments&post=548"}],"version-history":[{"count":5,"href":"https:\/\/gcshandicapsensoriel.fr\/index.php?rest_route=\/wp\/v2\/pages\/548\/revisions"}],"predecessor-version":[{"id":629,"href":"https:\/\/gcshandicapsensoriel.fr\/index.php?rest_route=\/wp\/v2\/pages\/548\/revisions\/629"}],"wp:attachment":[{"href":"https:\/\/gcshandicapsensoriel.fr\/index.php?rest_route=%2Fwp%2Fv2%2Fmedia&parent=548"}],"curies":[{"name":"wp","href":"https:\/\/api.w.org\/{rel}","templated":true}]}}