{"id":535,"date":"2023-03-01T09:47:17","date_gmt":"2023-03-01T08:47:17","guid":{"rendered":"http:\/\/gcshandicapsensoriel.fr\/?page_id=535"},"modified":"2023-03-01T09:54:15","modified_gmt":"2023-03-01T08:54:15","slug":"equipe-crbvta","status":"publish","type":"page","link":"https:\/\/gcshandicapsensoriel.fr\/?page_id=535","title":{"rendered":"L&rsquo;\u00e9quipe pluridisciplinaire du CRBVTA"},"content":{"rendered":"\n<h2 class=\"wp-block-heading\"><strong><em>L\u2019\u00e9quipe m\u00e9dicale<\/em><\/strong><\/h2>\n\n\n\n<p>L\u2019\u00e9quipe m\u00e9dicale se compose de deux m\u00e9decins ophtalmologistes,&nbsp;<strong>Dr MORAND-PLUMERAULT et Dr BOISSONNOT<\/strong>, et d\u2019un m\u00e9decin ORL,&nbsp;<strong>Dr DAVAILLAUD<\/strong>. Ils assurent la coordination des parcours de r\u00e9adaptation\/r\u00e9\u00e9ducation pour chacune de leur sp\u00e9cialit\u00e9. Ils rencontrent le patient en d\u00e9but et fin de parcours et \u00e0 chaque fois que l\u2019\u00e9quipe pluridisciplinaire le juge n\u00e9cessaire.<\/p>\n\n\n\n<h2 class=\"wp-block-heading\"><strong><em>Les professionnels des troubles de l\u2019audition \/ acouph\u00e8nes<\/em><\/strong><\/h2>\n\n\n\n<ul>\n<li><strong>L\u2019audioproth\u00e9siste :\u00a0<\/strong>il intervient aupr\u00e8s des personnes pr\u00e9sentant des troubles d\u2019audition malgr\u00e9\u00a0leur appareillage auditif et aupr\u00e8s de patients atteints d\u2019acouph\u00e8ne. Il explique, conseille et accompagne les personnes d\u00e9ficientes auditives et\/ou acouph\u00e8niques.<br><\/li>\n\n\n\n<li><strong>L\u2019orthophoniste :\u00a0<\/strong>elle a pour missions de pr\u00e9venir, \u00e9valuer et traiter les troubles de compr\u00e9hension et d\u2019expression du langage oral des patients souffrant de troubles auditifs ainsi que les troubles cognitifs pouvant y \u00eatre associ\u00e9s.<br><\/li>\n\n\n\n<li><strong>Le sophrologue :\u00a0<\/strong>il a pour mission de proposer aux patients souffrants d\u2019acouph\u00e8nes des s\u00e9ances pendant lesquelles il accompagne\u00a0 le patient \u00e0 utiliser des techniques lui permettant de retrouver un \u00e9quilibre, de la d\u00e9tente et de la confiance en soi.<br><\/li>\n\n\n\n<li><strong>La psychologue en Th\u00e9rapie Comportementale et Cognitive :&nbsp;<\/strong>&nbsp;elle propose aux personnes souffrant d\u2019acouph\u00e8nes de comprendre les m\u00e9canismes de l\u2019attention et de la m\u00e9moire impliqu\u00e9s dans la perception des acouph\u00e8nes, de mettre en place, par des exercices, des m\u00e9canismes attentionnels qui vont permettre peu \u00e0 peu de r\u00e9duire la place des acouph\u00e8nes. Elle propose ensuite de comprendre et de modifier l\u2019impact du stress g\u00e9n\u00e9r\u00e9 par les acouph\u00e8nes lorsque ceux-ci deviennent moins invalidants.<\/li>\n<\/ul>\n\n\n\n<h2 class=\"wp-block-heading\"><strong><em>Les professionnels de la basse vision<\/em><\/strong><\/h2>\n\n\n\n<ul>\n<li><strong>L\u2019instructrice\/eur en locomotion<\/strong> :\u00a0il\/elle va permettre \u00e0 la personne de retrouver une certaine autonomie dans ses d\u00e9placements avec davantage d\u2019assurance, d\u2019aisance et de confiance en elle, en\u00a0 fonction de ses capacit\u00e9s cognitives, sensorielles, motrices et psychosociales.<br><\/li>\n\n\n\n<li><strong>L\u2019ergoth\u00e9rapeute AVJ (Activit\u00e9s de la Vie Journali\u00e8re)<\/strong> :\u00a0\u00a0elle accompagne les personnes d\u00e9ficientes visuelles dans l\u2019acquisition de leur autonomie pour la r\u00e9alisation des gestes de la vie quotidienne. Il est propos\u00e9 \u00e0 chaque personne de prendre conscience de ses capacit\u00e9s, de d\u00e9velopper ses habilet\u00e9s manuelles et d\u2019apprendre de nouvelles strat\u00e9gies gestuelles pour pallier les difficult\u00e9s rencontr\u00e9es dans la vie quotidienne. L\u2019ergoth\u00e9rapeute conseille \u00e9galement sur des aides techniques et sur l\u2019am\u00e9nagement du domicile.<br><\/li>\n\n\n\n<li><strong>L\u2019orthoptiste sp\u00e9cialis\u00e9e en basse vision<\/strong> :\u00a0il\/elle \u00e9value les capacit\u00e9s visuelles fonctionnelles et la demande des patients. Son objectif est d\u2019obtenir un niveau d\u2019utilisation optimale de la vision fonctionnelle avec une bonne manipulation des aides optiques ou techniques pr\u00e9conis\u00e9es par l\u2019opticien. Il\/Elle permet la prise de conscience de la vision fonctionnelle, son d\u00e9veloppement et son utilisation.<br><\/li>\n\n\n\n<li><strong>Le psychomotricien :\u00a0<\/strong>il accompagne les personnes d\u00e9ficientes visuelles pour leur permettre d\u2019optimiser les capacit\u00e9s de d\u00e9placement (\u00e9quilibre, coordinations, posture, tonus), de d\u00e9velopper leur conscience corporelle (sch\u00e9ma corporel) et d\u2019acc\u00e9der \u00e0 un syst\u00e8me de repr\u00e9sentation spatiale adapt\u00e9. Il intervient notamment par le d\u00e9veloppement de la stimulation des sens compensatoires (audition, olfaction, kinesth\u00e9sie, toucher) en s\u00e9ances individuelles et collectives.<br><\/li>\n\n\n\n<li><strong>L\u2019opticien(ne)<\/strong> :il\/elle propose des essais d\u2019aides techniques en tenant compte des possibilit\u00e9s visuelles et des activit\u00e9s du patient afin que l\u2019environnement soit mieux adapt\u00e9 \u00e0 ses besoins.<\/li>\n<\/ul>\n\n\n\n<h2 class=\"wp-block-heading\"><strong><em>L\u2019\u00e9quipe psycho-sociale<\/em><\/strong><\/h2>\n\n\n\n<ul>\n<li><strong>La psychologue clinicienne<\/strong> :\u00a0elle propose un espace d\u2019\u00e9coute en soutien au parcours de r\u00e9\u00e9ducation. A la demande du patient, elle peut rencontrer sa famille ou ses proches. Enfin, la psychologue anime des s\u00e9ances de groupe de parole afin d\u2019offrir aux patients la possibilit\u00e9 d\u2019\u00e9changer \u00e0 propos de leurs situations et de l\u2019\u00e9volution de leur parcours de r\u00e9\u00e9ducation.<br><\/li>\n\n\n\n<li><strong>L\u2019assistante de service social <\/strong>:elle propose d\u2019accompagner le patient dans ses d\u00e9marches, de l\u2019informer de ses droits, de rechercher les aides financi\u00e8res qui vont lui permettre d\u2019avoir acc\u00e8s \u00e0 toutes les aides techniques compensatrices, de d\u00e9finir avec lui le soutien n\u00e9cessaire. L\u2019accompagnant recherche aussi \u00e0 \u00e9tablir des liens avec l\u2019entourage et les services de proximit\u00e9 pour cr\u00e9er un lien social et rompre ainsi l\u2019isolement.<\/li>\n<\/ul>\n\n\n\n<h2 class=\"wp-block-heading\"><strong><em>L\u2019\u00e9quipe administrative<\/em><\/strong><\/h2>\n\n\n\n<p><strong>Les secr\u00e9taires m\u00e9dicales<\/strong> programment les s\u00e9ances d\u2019\u00e9valuation et de r\u00e9\u00e9ducation tout en assurant la gestion administrative de la prise en charge. Elles sont l\u2019interface entre le patient, le m\u00e9decin et l\u2019\u00e9quipe pluridisciplinaire.<\/p>\n\n\n<div class=\"wp-block-image\">\n<figure class=\"aligncenter\"><img decoding=\"async\" src=\"http:\/\/crbvta.fr\/wp-content\/uploads\/2022\/01\/equipe-300x212.jpg\" alt=\"\" class=\"wp-image-1183\"\/><\/figure><\/div>","protected":false},"excerpt":{"rendered":"<p>L\u2019\u00e9quipe m\u00e9dicale L\u2019\u00e9quipe m\u00e9dicale se compose de deux m\u00e9decins ophtalmologistes,&nbsp;Dr MORAND-PLUMERAULT et Dr BOISSONNOT, et d\u2019un m\u00e9decin ORL,&nbsp;Dr DAVAILLAUD. Ils assurent la coordination des parcours de r\u00e9adaptation\/r\u00e9\u00e9ducation pour chacune de leur sp\u00e9cialit\u00e9. Ils rencontrent le patient en d\u00e9but et fin de parcours et \u00e0 chaque fois que l\u2019\u00e9quipe pluridisciplinaire le juge n\u00e9cessaire. Les professionnels des &hellip; <\/p>\n<p class=\"link-more\"><a href=\"https:\/\/gcshandicapsensoriel.fr\/?page_id=535\" class=\"more-link\">Continuer la lecture<span class=\"screen-reader-text\"> de &laquo;&nbsp;L&rsquo;\u00e9quipe pluridisciplinaire du CRBVTA&nbsp;&raquo;<\/span><\/a><\/p>\n","protected":false},"author":2,"featured_media":0,"parent":0,"menu_order":0,"comment_status":"closed","ping_status":"closed","template":"","meta":{"footnotes":""},"_links":{"self":[{"href":"https:\/\/gcshandicapsensoriel.fr\/index.php?rest_route=\/wp\/v2\/pages\/535"}],"collection":[{"href":"https:\/\/gcshandicapsensoriel.fr\/index.php?rest_route=\/wp\/v2\/pages"}],"about":[{"href":"https:\/\/gcshandicapsensoriel.fr\/index.php?rest_route=\/wp\/v2\/types\/page"}],"author":[{"embeddable":true,"href":"https:\/\/gcshandicapsensoriel.fr\/index.php?rest_route=\/wp\/v2\/users\/2"}],"replies":[{"embeddable":true,"href":"https:\/\/gcshandicapsensoriel.fr\/index.php?rest_route=%2Fwp%2Fv2%2Fcomments&post=535"}],"version-history":[{"count":5,"href":"https:\/\/gcshandicapsensoriel.fr\/index.php?rest_route=\/wp\/v2\/pages\/535\/revisions"}],"predecessor-version":[{"id":543,"href":"https:\/\/gcshandicapsensoriel.fr\/index.php?rest_route=\/wp\/v2\/pages\/535\/revisions\/543"}],"wp:attachment":[{"href":"https:\/\/gcshandicapsensoriel.fr\/index.php?rest_route=%2Fwp%2Fv2%2Fmedia&parent=535"}],"curies":[{"name":"wp","href":"https:\/\/api.w.org\/{rel}","templated":true}]}}