{"id":38,"date":"2019-07-23T16:19:59","date_gmt":"2019-07-23T14:19:59","guid":{"rendered":"http:\/\/gcshandicapsensoriel.fr\/?page_id=38"},"modified":"2023-03-01T11:18:42","modified_gmt":"2023-03-01T10:18:42","slug":"siadv-service-dappui","status":"publish","type":"page","link":"https:\/\/gcshandicapsensoriel.fr\/?page_id=38","title":{"rendered":"SIADV &#8211; Service Interr\u00e9gional d\u2019Appui aux adultes D\u00e9ficients Visuels"},"content":{"rendered":"\n<p>Notre objectif ?   <strong>Faciliter les parcours d\u2019insertion professionnelle et de maintien dans l\u2019emploi&nbsp;<\/strong>des personnes&nbsp; en situation de handicap visuel.<\/p>\n\n\n\n<div class=\"wp-block-button\"><a class=\"wp-block-button__link wp-element-button\" href=\"http:\/\/gcshandicapsensoriel.fr\/?page_id=414\" target=\"_blank\" rel=\"noreferrer noopener\">A qui s&rsquo;adresse le SIADV ?<\/a><\/div>\n\n\n\n<div class=\"wp-block-button\"><a class=\"wp-block-button__link wp-element-button\" href=\"http:\/\/gcshandicapsensoriel.fr\/?page_id=423\" target=\"_blank\" rel=\"noreferrer noopener\">Qui peut solliciter le SIADV ?<\/a><\/div>\n\n\n\n<h2 class=\"wp-block-heading\">Ses missions sont les suivantes :<\/h2>\n\n\n\n<ul>\n<li>L\u2019information et la sensibilisation sur la d\u00e9ficience visuelle dans le monde de l\u2019emploi,<\/li>\n\n\n\n<li>L\u2019\u00e9valuation fonctionnelle des capacit\u00e9s visuelles des b\u00e9n\u00e9ficiaires,<\/li>\n\n\n\n<li>L\u2019accompagnement et le maintien dans l\u2019emploi et la formation.<\/li>\n<\/ul>\n\n\n\n<p>Ses missions sont r\u00e9alis\u00e9es dans le cadre des  <strong>Prestations d\u2019Appuis Sp\u00e9cifiques<\/strong> .<\/p>\n\n\n\n<figure class=\"wp-block-embed is-type-video is-provider-youtube wp-block-embed-youtube wp-embed-aspect-16-9 wp-has-aspect-ratio\"><div class=\"wp-block-embed__wrapper\">\n<iframe loading=\"lazy\" title=\"Am\u00e9nagement poste de travail - Janvier 2021\" width=\"525\" height=\"295\" src=\"https:\/\/www.youtube.com\/embed\/B3KxbBRYs5s?feature=oembed\" frameborder=\"0\" allow=\"accelerometer; autoplay; clipboard-write; encrypted-media; gyroscope; picture-in-picture; web-share\" allowfullscreen><\/iframe>\n<\/div><\/figure>\n\n\n\n<p>Pour plus d&rsquo;informations cliquer sur  <br><a href=\"https:\/\/www.agefiph.fr\/aides-handicap\/prestations-dappuis-specifiques\" target=\"_blank\" rel=\"noreferrer noopener\">https:\/\/www.agefiph.fr\/aides-handicap\/prestations-dappuis-specifiques<\/a> <\/p>\n\n\n<div class=\"wp-block-image\">\n<figure class=\"aligncenter is-resized\"><img loading=\"lazy\" decoding=\"async\" src=\"http:\/\/gcshandicapsensoriel.fr\/wp-content\/uploads\/2019\/07\/teleagrandisseur.png\" alt=\"\" class=\"wp-image-45\" width=\"385\" height=\"213\"\/><\/figure><\/div>","protected":false},"excerpt":{"rendered":"<p>Notre objectif ? Faciliter les parcours d\u2019insertion professionnelle et de maintien dans l\u2019emploi&nbsp;des personnes&nbsp; en situation de handicap visuel. Ses missions sont les suivantes : Ses missions sont r\u00e9alis\u00e9es dans le cadre des Prestations d\u2019Appuis Sp\u00e9cifiques . Pour plus d&rsquo;informations cliquer sur https:\/\/www.agefiph.fr\/aides-handicap\/prestations-dappuis-specifiques<\/p>\n","protected":false},"author":1,"featured_media":0,"parent":0,"menu_order":0,"comment_status":"closed","ping_status":"closed","template":"","meta":{"footnotes":""},"_links":{"self":[{"href":"https:\/\/gcshandicapsensoriel.fr\/index.php?rest_route=\/wp\/v2\/pages\/38"}],"collection":[{"href":"https:\/\/gcshandicapsensoriel.fr\/index.php?rest_route=\/wp\/v2\/pages"}],"about":[{"href":"https:\/\/gcshandicapsensoriel.fr\/index.php?rest_route=\/wp\/v2\/types\/page"}],"author":[{"embeddable":true,"href":"https:\/\/gcshandicapsensoriel.fr\/index.php?rest_route=\/wp\/v2\/users\/1"}],"replies":[{"embeddable":true,"href":"https:\/\/gcshandicapsensoriel.fr\/index.php?rest_route=%2Fwp%2Fv2%2Fcomments&post=38"}],"version-history":[{"count":5,"href":"https:\/\/gcshandicapsensoriel.fr\/index.php?rest_route=\/wp\/v2\/pages\/38\/revisions"}],"predecessor-version":[{"id":586,"href":"https:\/\/gcshandicapsensoriel.fr\/index.php?rest_route=\/wp\/v2\/pages\/38\/revisions\/586"}],"wp:attachment":[{"href":"https:\/\/gcshandicapsensoriel.fr\/index.php?rest_route=%2Fwp%2Fv2%2Fmedia&parent=38"}],"curies":[{"name":"wp","href":"https:\/\/api.w.org\/{rel}","templated":true}]}}