{"id":33,"date":"2019-07-09T17:55:09","date_gmt":"2019-07-09T15:55:09","guid":{"rendered":"http:\/\/gcshandicapsensoriel.fr\/?page_id=33"},"modified":"2023-03-01T11:16:58","modified_gmt":"2023-03-01T10:16:58","slug":"s3ais86","status":"publish","type":"page","link":"https:\/\/gcshandicapsensoriel.fr\/?page_id=33","title":{"rendered":"Pr\u00e9sentation du  S3AIS 86"},"content":{"rendered":"\n<p>Le S3AIS 86 est un <strong>Service d&rsquo;Aide \u00e0 l&rsquo;Acquisition de l&rsquo;Autonomie et de l&rsquo;int\u00e9gration Scolaire<\/strong>, un service qui accompagne les enfants et jeunes avec un handicap visuel pour favoriser leur inclusion social et scolaire.<\/p>\n\n\n\n<p><strong>A qui s&rsquo;adresse-t-il ? <\/strong><\/p>\n\n\n\n<p>Aux enfants en situation de handicap visuel r\u00e9sidant dans la Vienne et \u00e2g\u00e9s de 6 \u00e0 20 ans.<\/p>\n\n\n\n<figure class=\"wp-block-gallery has-nested-images columns-default is-cropped wp-block-gallery-1 is-layout-flex wp-block-gallery-is-layout-flex\">\n<figure class=\"wp-block-image\"><img loading=\"lazy\" decoding=\"async\" width=\"1024\" height=\"768\" data-id=\"34\" src=\"http:\/\/gcshandicapsensoriel.fr\/wp-content\/uploads\/2019\/07\/P1100013-1024x768.jpg\" alt=\"\" class=\"wp-image-34\" srcset=\"https:\/\/gcshandicapsensoriel.fr\/wp-content\/uploads\/2019\/07\/P1100013-1024x768.jpg 1024w, https:\/\/gcshandicapsensoriel.fr\/wp-content\/uploads\/2019\/07\/P1100013-300x225.jpg 300w, https:\/\/gcshandicapsensoriel.fr\/wp-content\/uploads\/2019\/07\/P1100013-768x576.jpg 768w\" sizes=\"(max-width: 767px) 89vw, (max-width: 1000px) 54vw, (max-width: 1071px) 543px, 580px\" \/><\/figure>\n<\/figure>\n","protected":false},"excerpt":{"rendered":"<p>Le S3AIS 86 est un Service d&rsquo;Aide \u00e0 l&rsquo;Acquisition de l&rsquo;Autonomie et de l&rsquo;int\u00e9gration Scolaire, un service qui accompagne les enfants et jeunes avec un handicap visuel pour favoriser leur inclusion social et scolaire. A qui s&rsquo;adresse-t-il ? Aux enfants en situation de handicap visuel r\u00e9sidant dans la Vienne et \u00e2g\u00e9s de 6 \u00e0 20 &hellip; <\/p>\n<p class=\"link-more\"><a href=\"https:\/\/gcshandicapsensoriel.fr\/?page_id=33\" class=\"more-link\">Continuer la lecture<span class=\"screen-reader-text\"> de &laquo;&nbsp;Pr\u00e9sentation du  S3AIS 86&nbsp;&raquo;<\/span><\/a><\/p>\n","protected":false},"author":1,"featured_media":0,"parent":0,"menu_order":0,"comment_status":"closed","ping_status":"closed","template":"","meta":{"footnotes":""},"_links":{"self":[{"href":"https:\/\/gcshandicapsensoriel.fr\/index.php?rest_route=\/wp\/v2\/pages\/33"}],"collection":[{"href":"https:\/\/gcshandicapsensoriel.fr\/index.php?rest_route=\/wp\/v2\/pages"}],"about":[{"href":"https:\/\/gcshandicapsensoriel.fr\/index.php?rest_route=\/wp\/v2\/types\/page"}],"author":[{"embeddable":true,"href":"https:\/\/gcshandicapsensoriel.fr\/index.php?rest_route=\/wp\/v2\/users\/1"}],"replies":[{"embeddable":true,"href":"https:\/\/gcshandicapsensoriel.fr\/index.php?rest_route=%2Fwp%2Fv2%2Fcomments&post=33"}],"version-history":[{"count":5,"href":"https:\/\/gcshandicapsensoriel.fr\/index.php?rest_route=\/wp\/v2\/pages\/33\/revisions"}],"predecessor-version":[{"id":585,"href":"https:\/\/gcshandicapsensoriel.fr\/index.php?rest_route=\/wp\/v2\/pages\/33\/revisions\/585"}],"wp:attachment":[{"href":"https:\/\/gcshandicapsensoriel.fr\/index.php?rest_route=%2Fwp%2Fv2%2Fmedia&parent=33"}],"curies":[{"name":"wp","href":"https:\/\/api.w.org\/{rel}","templated":true}]}}