{"id":167,"date":"2019-08-20T18:00:31","date_gmt":"2019-08-20T16:00:31","guid":{"rendered":"http:\/\/gcshandicapsensoriel.fr\/?page_id=167"},"modified":"2019-08-23T11:41:57","modified_gmt":"2019-08-23T09:41:57","slug":"sensibilisation-au-handicap-visuel-et-auditif","status":"publish","type":"page","link":"https:\/\/gcshandicapsensoriel.fr\/?page_id=167","title":{"rendered":"Sensibilisation au handicap visuel et auditif"},"content":{"rendered":"\n<p><strong>Lever les pr\u00e9jug\u00e9s, montrer les capacit\u00e9s des personnes en situation de handicap visuel ou auditif, contribuer \u00e0 l&rsquo;accessibilit\u00e9 de ces personnes<\/strong>,  ces missions sont aussi celles du GCS HANDICAP SENSORIEL.<\/p>\n\n\n\n<p>Ainsi, nous <strong>organisons r\u00e9guli\u00e8rement dans les 4 d\u00e9partements de l&rsquo;ancienne r\u00e9gion du Poitou-Charentes<\/strong> : <\/p>\n\n\n\n<div class=\"wp-block-media-text alignwide\"><figure class=\"wp-block-media-text__media\"><img loading=\"lazy\" decoding=\"async\" width=\"1024\" height=\"576\" src=\"http:\/\/gcshandicapsensoriel.fr\/wp-content\/uploads\/2019\/08\/20170504_142558-1024x576.jpg\" alt=\"\" class=\"wp-image-236\" srcset=\"https:\/\/gcshandicapsensoriel.fr\/wp-content\/uploads\/2019\/08\/20170504_142558-1024x576.jpg 1024w, https:\/\/gcshandicapsensoriel.fr\/wp-content\/uploads\/2019\/08\/20170504_142558-300x169.jpg 300w, https:\/\/gcshandicapsensoriel.fr\/wp-content\/uploads\/2019\/08\/20170504_142558-768x432.jpg 768w\" sizes=\"(max-width: 767px) 89vw, (max-width: 1000px) 54vw, (max-width: 1071px) 543px, 580px\" \/><\/figure><div class=\"wp-block-media-text__content\">\n<p>des <strong>conf\u00e9rences<\/strong>, seul ou avec nos partenaires, anim\u00e9s par les m\u00e9decins du GCS Handicap Sensoriel.<\/p>\n<\/div><\/div>\n\n\n\n<div class=\"wp-block-media-text alignwide\"><figure class=\"wp-block-media-text__media\"><img loading=\"lazy\" decoding=\"async\" width=\"1024\" height=\"576\" src=\"http:\/\/gcshandicapsensoriel.fr\/wp-content\/uploads\/2019\/08\/20180622_110424-1024x576.jpg\" alt=\"\" class=\"wp-image-237\" srcset=\"https:\/\/gcshandicapsensoriel.fr\/wp-content\/uploads\/2019\/08\/20180622_110424-1024x576.jpg 1024w, https:\/\/gcshandicapsensoriel.fr\/wp-content\/uploads\/2019\/08\/20180622_110424-300x169.jpg 300w, https:\/\/gcshandicapsensoriel.fr\/wp-content\/uploads\/2019\/08\/20180622_110424-768x432.jpg 768w\" sizes=\"(max-width: 767px) 89vw, (max-width: 1000px) 54vw, (max-width: 1071px) 543px, 580px\" \/><\/figure><div class=\"wp-block-media-text__content\">\n<p>des actions de sensibilisation au handicap visuel ou auditif dans les <strong>entreprises<\/strong><\/p>\n<\/div><\/div>\n\n\n\n<div class=\"wp-block-media-text alignwide\"><figure class=\"wp-block-media-text__media\"><img loading=\"lazy\" decoding=\"async\" width=\"1024\" height=\"576\" src=\"http:\/\/gcshandicapsensoriel.fr\/wp-content\/uploads\/2019\/08\/20170330_163947-1024x576.jpg\" alt=\"\" class=\"wp-image-238\" srcset=\"https:\/\/gcshandicapsensoriel.fr\/wp-content\/uploads\/2019\/08\/20170330_163947-1024x576.jpg 1024w, https:\/\/gcshandicapsensoriel.fr\/wp-content\/uploads\/2019\/08\/20170330_163947-300x169.jpg 300w, https:\/\/gcshandicapsensoriel.fr\/wp-content\/uploads\/2019\/08\/20170330_163947-768x432.jpg 768w\" sizes=\"(max-width: 767px) 89vw, (max-width: 1000px) 54vw, (max-width: 1071px) 543px, 580px\" \/><\/figure><div class=\"wp-block-media-text__content\">\n<p>des <strong>formations aupr\u00e8s des personnels des EHPAD<\/strong> et des foyer-logements pour am\u00e9liorer l&rsquo;accompagnement des personnes en situation de handicap visuel<\/p>\n<\/div><\/div>\n\n\n\n<div class=\"wp-block-media-text alignwide\"><figure class=\"wp-block-media-text__media\"><img loading=\"lazy\" decoding=\"async\" width=\"1024\" height=\"768\" src=\"http:\/\/gcshandicapsensoriel.fr\/wp-content\/uploads\/2019\/08\/DSC01517-1024x768.jpg\" alt=\"\" class=\"wp-image-239\" srcset=\"https:\/\/gcshandicapsensoriel.fr\/wp-content\/uploads\/2019\/08\/DSC01517-1024x768.jpg 1024w, https:\/\/gcshandicapsensoriel.fr\/wp-content\/uploads\/2019\/08\/DSC01517-300x225.jpg 300w, https:\/\/gcshandicapsensoriel.fr\/wp-content\/uploads\/2019\/08\/DSC01517-768x576.jpg 768w\" sizes=\"(max-width: 767px) 89vw, (max-width: 1000px) 54vw, (max-width: 1071px) 543px, 580px\" \/><\/figure><div class=\"wp-block-media-text__content\">\n<p>des actions de sensibilisation dans les <strong>\u00e9coles <\/strong>au handicap visuel<\/p>\n<\/div><\/div>\n\n\n\n<p><\/p>\n","protected":false},"excerpt":{"rendered":"<p>Lever les pr\u00e9jug\u00e9s, montrer les capacit\u00e9s des personnes en situation de handicap visuel ou auditif, contribuer \u00e0 l&rsquo;accessibilit\u00e9 de ces personnes, ces missions sont aussi celles du GCS HANDICAP SENSORIEL. Ainsi, nous organisons r\u00e9guli\u00e8rement dans les 4 d\u00e9partements de l&rsquo;ancienne r\u00e9gion du Poitou-Charentes : des conf\u00e9rences, seul ou avec nos partenaires, anim\u00e9s par les m\u00e9decins &hellip; <\/p>\n<p class=\"link-more\"><a href=\"https:\/\/gcshandicapsensoriel.fr\/?page_id=167\" class=\"more-link\">Continuer la lecture<span class=\"screen-reader-text\"> de &laquo;&nbsp;Sensibilisation au handicap visuel et auditif&nbsp;&raquo;<\/span><\/a><\/p>\n","protected":false},"author":1,"featured_media":0,"parent":0,"menu_order":0,"comment_status":"closed","ping_status":"closed","template":"","meta":{"footnotes":""},"_links":{"self":[{"href":"https:\/\/gcshandicapsensoriel.fr\/index.php?rest_route=\/wp\/v2\/pages\/167"}],"collection":[{"href":"https:\/\/gcshandicapsensoriel.fr\/index.php?rest_route=\/wp\/v2\/pages"}],"about":[{"href":"https:\/\/gcshandicapsensoriel.fr\/index.php?rest_route=\/wp\/v2\/types\/page"}],"author":[{"embeddable":true,"href":"https:\/\/gcshandicapsensoriel.fr\/index.php?rest_route=\/wp\/v2\/users\/1"}],"replies":[{"embeddable":true,"href":"https:\/\/gcshandicapsensoriel.fr\/index.php?rest_route=%2Fwp%2Fv2%2Fcomments&post=167"}],"version-history":[{"count":4,"href":"https:\/\/gcshandicapsensoriel.fr\/index.php?rest_route=\/wp\/v2\/pages\/167\/revisions"}],"predecessor-version":[{"id":241,"href":"https:\/\/gcshandicapsensoriel.fr\/index.php?rest_route=\/wp\/v2\/pages\/167\/revisions\/241"}],"wp:attachment":[{"href":"https:\/\/gcshandicapsensoriel.fr\/index.php?rest_route=%2Fwp%2Fv2%2Fmedia&parent=167"}],"curies":[{"name":"wp","href":"https:\/\/api.w.org\/{rel}","templated":true}]}}