{"id":164,"date":"2019-08-20T17:57:33","date_gmt":"2019-08-20T15:57:33","guid":{"rendered":"http:\/\/gcshandicapsensoriel.fr\/?page_id=164"},"modified":"2023-03-01T10:11:43","modified_gmt":"2023-03-01T09:11:43","slug":"soin-et-readaptation","status":"publish","type":"page","link":"https:\/\/gcshandicapsensoriel.fr\/?page_id=164","title":{"rendered":"Soin et r\u00e9adaptation"},"content":{"rendered":"\n<p>Le Centre R\u00e9gional Basse Vision et Troubles de l&rsquo;Audition est un <strong>h\u00f4pital de jour<\/strong> bas\u00e9 \u00e0 Saint-Benoit dans la Vienne avec une antenne \u00e0 Roullet-Saint-Est\u00e8phe en Charente. Il propose des <strong>soins de suite et de r\u00e9adaptation<\/strong> dispens\u00e9s par une \u00e9quipe pluridisciplinaire sous la coordination de <strong>m\u00e9decins sp\u00e9cialistes<\/strong> (ophtalmologues et ORL). <\/p>\n\n\n\n<figure class=\"wp-block-gallery has-nested-images columns-default is-cropped wp-block-gallery-1 is-layout-flex wp-block-gallery-is-layout-flex\">\n<figure class=\"wp-block-image\"><img loading=\"lazy\" decoding=\"async\" width=\"1024\" height=\"683\" data-id=\"215\" src=\"http:\/\/gcshandicapsensoriel.fr\/wp-content\/uploads\/2019\/08\/IMG_1770-1024x683.jpg\" alt=\"\" class=\"wp-image-215\" srcset=\"https:\/\/gcshandicapsensoriel.fr\/wp-content\/uploads\/2019\/08\/IMG_1770-1024x683.jpg 1024w, https:\/\/gcshandicapsensoriel.fr\/wp-content\/uploads\/2019\/08\/IMG_1770-300x200.jpg 300w, https:\/\/gcshandicapsensoriel.fr\/wp-content\/uploads\/2019\/08\/IMG_1770-768x512.jpg 768w\" sizes=\"(max-width: 767px) 89vw, (max-width: 1000px) 54vw, (max-width: 1071px) 543px, 580px\" \/><\/figure>\n\n\n\n<figure class=\"wp-block-image\"><img loading=\"lazy\" decoding=\"async\" width=\"1024\" height=\"768\" data-id=\"216\" src=\"http:\/\/gcshandicapsensoriel.fr\/wp-content\/uploads\/2019\/08\/P1040677-1024x768.jpg\" alt=\"\" class=\"wp-image-216\" srcset=\"https:\/\/gcshandicapsensoriel.fr\/wp-content\/uploads\/2019\/08\/P1040677-1024x768.jpg 1024w, https:\/\/gcshandicapsensoriel.fr\/wp-content\/uploads\/2019\/08\/P1040677-300x225.jpg 300w, https:\/\/gcshandicapsensoriel.fr\/wp-content\/uploads\/2019\/08\/P1040677-768x576.jpg 768w\" sizes=\"(max-width: 767px) 89vw, (max-width: 1000px) 54vw, (max-width: 1071px) 543px, 580px\" \/><\/figure>\n\n\n\n<figure class=\"wp-block-image\"><img loading=\"lazy\" decoding=\"async\" width=\"1024\" height=\"768\" data-id=\"217\" src=\"http:\/\/gcshandicapsensoriel.fr\/wp-content\/uploads\/2019\/08\/IMG_20180925_144546-1024x768.jpg\" alt=\"\" class=\"wp-image-217\" srcset=\"https:\/\/gcshandicapsensoriel.fr\/wp-content\/uploads\/2019\/08\/IMG_20180925_144546-1024x768.jpg 1024w, https:\/\/gcshandicapsensoriel.fr\/wp-content\/uploads\/2019\/08\/IMG_20180925_144546-300x225.jpg 300w, https:\/\/gcshandicapsensoriel.fr\/wp-content\/uploads\/2019\/08\/IMG_20180925_144546-768x576.jpg 768w\" sizes=\"(max-width: 767px) 89vw, (max-width: 1000px) 54vw, (max-width: 1071px) 543px, 580px\" \/><\/figure>\n<\/figure>\n","protected":false},"excerpt":{"rendered":"<p>Le Centre R\u00e9gional Basse Vision et Troubles de l&rsquo;Audition est un h\u00f4pital de jour bas\u00e9 \u00e0 Saint-Benoit dans la Vienne avec une antenne \u00e0 Roullet-Saint-Est\u00e8phe en Charente. Il propose des soins de suite et de r\u00e9adaptation dispens\u00e9s par une \u00e9quipe pluridisciplinaire sous la coordination de m\u00e9decins sp\u00e9cialistes (ophtalmologues et ORL).<\/p>\n","protected":false},"author":1,"featured_media":0,"parent":0,"menu_order":0,"comment_status":"closed","ping_status":"closed","template":"","meta":{"footnotes":""},"_links":{"self":[{"href":"https:\/\/gcshandicapsensoriel.fr\/index.php?rest_route=\/wp\/v2\/pages\/164"}],"collection":[{"href":"https:\/\/gcshandicapsensoriel.fr\/index.php?rest_route=\/wp\/v2\/pages"}],"about":[{"href":"https:\/\/gcshandicapsensoriel.fr\/index.php?rest_route=\/wp\/v2\/types\/page"}],"author":[{"embeddable":true,"href":"https:\/\/gcshandicapsensoriel.fr\/index.php?rest_route=\/wp\/v2\/users\/1"}],"replies":[{"embeddable":true,"href":"https:\/\/gcshandicapsensoriel.fr\/index.php?rest_route=%2Fwp%2Fv2%2Fcomments&post=164"}],"version-history":[{"count":5,"href":"https:\/\/gcshandicapsensoriel.fr\/index.php?rest_route=\/wp\/v2\/pages\/164\/revisions"}],"predecessor-version":[{"id":556,"href":"https:\/\/gcshandicapsensoriel.fr\/index.php?rest_route=\/wp\/v2\/pages\/164\/revisions\/556"}],"wp:attachment":[{"href":"https:\/\/gcshandicapsensoriel.fr\/index.php?rest_route=%2Fwp%2Fv2%2Fmedia&parent=164"}],"curies":[{"name":"wp","href":"https:\/\/api.w.org\/{rel}","templated":true}]}}