{"id":139,"date":"2019-08-20T14:44:33","date_gmt":"2019-08-20T12:44:33","guid":{"rendered":"http:\/\/gcshandicapsensoriel.fr\/?page_id=139"},"modified":"2019-08-20T14:44:33","modified_gmt":"2019-08-20T12:44:33","slug":"une-equipe-pluridisciplinaire","status":"publish","type":"page","link":"https:\/\/gcshandicapsensoriel.fr\/?page_id=139","title":{"rendered":"Une \u00e9quipe pluridisciplinaire"},"content":{"rendered":"\n<p>L\u2019ensemble des professionnels a pour objectif de donner \u00e0 l\u2019enfant ou l\u2019adolescent tous les moyens d\u2019acc\u00e9der \u00e0 une autonomie maximale dans les situations qu\u2019il rencontre au quotidien&nbsp;: \u00e0 l\u2019\u00e9cole, dans sa famille, dans ses relations avec les autres, dans ses activit\u00e9s sportives ou des loisirs.<\/p>\n\n\n\n<p>L\u2019\u00e9quipe du SAAAIS est constitu\u00e9e d\u2019 :<\/p>\n\n\n\n<ul><li>un m\u00e9decin ophtalmologue,<\/li><li>deux \u00e9ducateurs sp\u00e9cialis\u00e9s,<\/li><li>une psychologue,<\/li><li>un orthoptiste,<\/li><li>un transcripteur\/adaptateur de documents,<\/li><li>un intervenant conseil-accessibilit\u00e9 et compensation sensorielle,<\/li><li>une ergoth\u00e9rapeute-formatrice informatique,<\/li><li>une directrice,<\/li><li>une assistante.<\/li><\/ul>\n\n\n\n<figure class=\"wp-block-image\"><img loading=\"lazy\" decoding=\"async\" width=\"1024\" height=\"768\" src=\"http:\/\/gcshandicapsensoriel.fr\/wp-content\/uploads\/2019\/08\/P1090185-1024x768.jpg\" alt=\"\" class=\"wp-image-140\" srcset=\"https:\/\/gcshandicapsensoriel.fr\/wp-content\/uploads\/2019\/08\/P1090185-1024x768.jpg 1024w, https:\/\/gcshandicapsensoriel.fr\/wp-content\/uploads\/2019\/08\/P1090185-300x225.jpg 300w, https:\/\/gcshandicapsensoriel.fr\/wp-content\/uploads\/2019\/08\/P1090185-768x576.jpg 768w\" sizes=\"(max-width: 767px) 89vw, (max-width: 1000px) 54vw, (max-width: 1071px) 543px, 580px\" \/><figcaption>Atelier \u00e9veil musical<\/figcaption><\/figure>\n","protected":false},"excerpt":{"rendered":"<p>L\u2019ensemble des professionnels a pour objectif de donner \u00e0 l\u2019enfant ou l\u2019adolescent tous les moyens d\u2019acc\u00e9der \u00e0 une autonomie maximale dans les situations qu\u2019il rencontre au quotidien&nbsp;: \u00e0 l\u2019\u00e9cole, dans sa famille, dans ses relations avec les autres, dans ses activit\u00e9s sportives ou des loisirs. L\u2019\u00e9quipe du SAAAIS est constitu\u00e9e d\u2019 : un m\u00e9decin ophtalmologue, &hellip; <\/p>\n<p class=\"link-more\"><a href=\"https:\/\/gcshandicapsensoriel.fr\/?page_id=139\" class=\"more-link\">Continuer la lecture<span class=\"screen-reader-text\"> de &laquo;&nbsp;Une \u00e9quipe pluridisciplinaire&nbsp;&raquo;<\/span><\/a><\/p>\n","protected":false},"author":1,"featured_media":0,"parent":0,"menu_order":0,"comment_status":"closed","ping_status":"closed","template":"","meta":{"footnotes":""},"_links":{"self":[{"href":"https:\/\/gcshandicapsensoriel.fr\/index.php?rest_route=\/wp\/v2\/pages\/139"}],"collection":[{"href":"https:\/\/gcshandicapsensoriel.fr\/index.php?rest_route=\/wp\/v2\/pages"}],"about":[{"href":"https:\/\/gcshandicapsensoriel.fr\/index.php?rest_route=\/wp\/v2\/types\/page"}],"author":[{"embeddable":true,"href":"https:\/\/gcshandicapsensoriel.fr\/index.php?rest_route=\/wp\/v2\/users\/1"}],"replies":[{"embeddable":true,"href":"https:\/\/gcshandicapsensoriel.fr\/index.php?rest_route=%2Fwp%2Fv2%2Fcomments&post=139"}],"version-history":[{"count":1,"href":"https:\/\/gcshandicapsensoriel.fr\/index.php?rest_route=\/wp\/v2\/pages\/139\/revisions"}],"predecessor-version":[{"id":143,"href":"https:\/\/gcshandicapsensoriel.fr\/index.php?rest_route=\/wp\/v2\/pages\/139\/revisions\/143"}],"wp:attachment":[{"href":"https:\/\/gcshandicapsensoriel.fr\/index.php?rest_route=%2Fwp%2Fv2%2Fmedia&parent=139"}],"curies":[{"name":"wp","href":"https:\/\/api.w.org\/{rel}","templated":true}]}}