{"id":119,"date":"2019-08-20T14:00:37","date_gmt":"2019-08-20T12:00:37","guid":{"rendered":"http:\/\/gcshandicapsensoriel.fr\/?page_id=119"},"modified":"2023-03-01T10:36:30","modified_gmt":"2023-03-01T09:36:30","slug":"comment-integrer-le-s3ais86","status":"publish","type":"page","link":"https:\/\/gcshandicapsensoriel.fr\/?page_id=119","title":{"rendered":"Comment int\u00e9grer le S3AIS86 ?"},"content":{"rendered":"\n<p> L\u2019orientation dans le service est soumise \u00e0 la d\u00e9cision de la CDAPH (Commission des Droits et de l\u2019Autonomie des Personnes Handicap\u00e9es). <\/p>\n\n\n\n<p>Apr\u00e8s la notification de la MDPH et selon les capacit\u00e9s d\u2019accueil du service, les parents ou le repr\u00e9sentant l\u00e9gal sont invit\u00e9s \u00e0 compl\u00e9ter un formulaire de renseignement, \u00e0 signer un contrat de s\u00e9jour, \u00e0 prendre connaissance du livret d\u2019accueil et du r\u00e8glement int\u00e9rieur. <\/p>\n\n\n\n<p>Ensuite, l\u2019\u00e9quipe du S3AIS proc\u00e8de \u00e0 un certain nombre de bilans pour \u00e9valuer les besoins de l\u2019enfant ou adolescent et \u00e9laborer avec la famille un projet individuel d\u00e9terminant les axes de travail et moyens d\u2019intervention des professionnels. <\/p>\n\n\n\n<p>Plus d&rsquo;informations sur :  <br><a href=\"http:\/\/www.mdph86.fr\/545-orientation-des-jeunes.htm\">http:\/\/www.mdph86.fr\/545-orientation-des-jeunes.htm<\/a> <\/p>\n\n\n\n<figure class=\"wp-block-gallery has-nested-images columns-default is-cropped wp-block-gallery-1 is-layout-flex wp-block-gallery-is-layout-flex\">\n<figure class=\"wp-block-image\"><img loading=\"lazy\" decoding=\"async\" width=\"1024\" height=\"768\" data-id=\"120\" src=\"http:\/\/gcshandicapsensoriel.fr\/wp-content\/uploads\/2019\/08\/photo-4-1024x768.jpg\" alt=\"\" class=\"wp-image-120\" srcset=\"https:\/\/gcshandicapsensoriel.fr\/wp-content\/uploads\/2019\/08\/photo-4-1024x768.jpg 1024w, https:\/\/gcshandicapsensoriel.fr\/wp-content\/uploads\/2019\/08\/photo-4-300x225.jpg 300w, https:\/\/gcshandicapsensoriel.fr\/wp-content\/uploads\/2019\/08\/photo-4-768x576.jpg 768w\" sizes=\"(max-width: 767px) 89vw, (max-width: 1000px) 54vw, (max-width: 1071px) 543px, 580px\" \/><\/figure>\n<\/figure>\n","protected":false},"excerpt":{"rendered":"<p>L\u2019orientation dans le service est soumise \u00e0 la d\u00e9cision de la CDAPH (Commission des Droits et de l\u2019Autonomie des Personnes Handicap\u00e9es). Apr\u00e8s la notification de la MDPH et selon les capacit\u00e9s d\u2019accueil du service, les parents ou le repr\u00e9sentant l\u00e9gal sont invit\u00e9s \u00e0 compl\u00e9ter un formulaire de renseignement, \u00e0 signer un contrat de s\u00e9jour, \u00e0 &hellip; <\/p>\n<p class=\"link-more\"><a href=\"https:\/\/gcshandicapsensoriel.fr\/?page_id=119\" class=\"more-link\">Continuer la lecture<span class=\"screen-reader-text\"> de &laquo;&nbsp;Comment int\u00e9grer le S3AIS86 ?&nbsp;&raquo;<\/span><\/a><\/p>\n","protected":false},"author":1,"featured_media":0,"parent":0,"menu_order":0,"comment_status":"closed","ping_status":"closed","template":"","meta":{"footnotes":""},"_links":{"self":[{"href":"https:\/\/gcshandicapsensoriel.fr\/index.php?rest_route=\/wp\/v2\/pages\/119"}],"collection":[{"href":"https:\/\/gcshandicapsensoriel.fr\/index.php?rest_route=\/wp\/v2\/pages"}],"about":[{"href":"https:\/\/gcshandicapsensoriel.fr\/index.php?rest_route=\/wp\/v2\/types\/page"}],"author":[{"embeddable":true,"href":"https:\/\/gcshandicapsensoriel.fr\/index.php?rest_route=\/wp\/v2\/users\/1"}],"replies":[{"embeddable":true,"href":"https:\/\/gcshandicapsensoriel.fr\/index.php?rest_route=%2Fwp%2Fv2%2Fcomments&post=119"}],"version-history":[{"count":4,"href":"https:\/\/gcshandicapsensoriel.fr\/index.php?rest_route=\/wp\/v2\/pages\/119\/revisions"}],"predecessor-version":[{"id":568,"href":"https:\/\/gcshandicapsensoriel.fr\/index.php?rest_route=\/wp\/v2\/pages\/119\/revisions\/568"}],"wp:attachment":[{"href":"https:\/\/gcshandicapsensoriel.fr\/index.php?rest_route=%2Fwp%2Fv2%2Fmedia&parent=119"}],"curies":[{"name":"wp","href":"https:\/\/api.w.org\/{rel}","templated":true}]}}